{"id":22595,"date":"2021-11-28T16:54:27","date_gmt":"2021-11-28T14:54:27","guid":{"rendered":"https:\/\/de.cam4.eu\/magazin\/clone-of-nackt-chat-wer-ist-jetzt-online\/"},"modified":"2024-09-04T14:41:14","modified_gmt":"2024-09-04T12:41:14","slug":"wichsen-cam","status":"publish","type":"page","link":"https:\/\/de.cam4.eu\/magazin\/wichsen-cam\/","title":{"rendered":"Wichsen Cam &#8211; Jetzt vor der Cam wichsen"},"content":{"rendered":"<p>Auf dieser Seite findest du passende <strong>Wichsen-Cams<\/strong>, welche <em><span style=\"color: var(--tcb-color-7);\">gerade live laufen<\/span><\/em>. Wenn du auf eins der Vorschaubilder klickst, kommst du zu geilen und versauten Kerlen, welche sich gerade vor der Webcam den Schwanz wichsen. <em>Such dir einfach eine passenden Cam aus!<\/em><\/p>\n<h2 style=\"text-align: center;\"><span style=\"color: hsla(var(--tcb-main-master-h, 210), var(--tcb-main-master-s, 77%), var(--tcb-main-master-l, 54%), 1);\">Wichsen vor der Cam<\/span> &#8211; diese Typen zeigen ihren Penis&nbsp;<\/h2>\n<p>[jsoncontentimporterurl=&#8220;https:\/\/reports.joinsolutions.com\/api\/v2\/blogfeed?key=GH5s6&amp;gender=m&amp;countries=ALL COUNTRIES&amp;newbies=false&amp;limit=12&amp;whitelist=false&amp;status=online&amp;blacklist=false&#8220;basenode=result]<\/p>\n<li> <a target=\"_blank\" href=\"https:\/\/de.cam4.eu\/{performer}?act=200727~BlogDE_CamWichsen&amp;utm_medium=blog-none&amp;utm_source=&amp;utm_campaign=acquisition_nov-01-2021&amp;utm_content=viewer_de_gang_all_all_leads__all_german&amp;utm_term=in-room-specificperformer_nsfw_viewers&amp;utm_keyword=none\" rel=\"noopener\">    <img decoding=\"async\" src=\"{img}\" style=\"width:266px; height:190px; object-fit: cover;\"><\/a><a style=\"color: blue; text-align: center;\" target=\"_blank\" href=\"https:\/\/de.cam4.eu\/{performer}?act=200727~BlogDE_CamWichsen&amp;utm_medium=blog-none&amp;utm_source=&amp;utm_campaign=acquisition_nov-01-2021&amp;utm_content=viewer_de_gang_all_all_leads__all_german&amp;utm_term=in-room-specificperformer_nsfw_viewers&amp;utm_keyword=none\" rel=\"noopener\">Live: <b>{performer}<\/b> <\/a><\/li>\n<p>[\/jsoncontentimporter]<\/p>\n<h3 dir=\"ltr\">Online Masturbation: so funktioniert es!<\/h3>\n<p dir=\"ltr\">Die ganzen Camboys und M\u00e4nner, welche du weiter oben und weiter unten siehst, wichsen vor der Cam. Du kannst dabei kostenlos zusehen und mitmachen.&nbsp;<\/p>\n<p dir=\"ltr\">\n<p dir=\"ltr\"><em>Die Online Masturbation ist f\u00fcr alle Zuschauer frei zug\u00e4nglich und kostenlos.<\/em> F\u00fcr einige Funktion, wie z.B. den Chat ben\u00f6tigst du einen Account, welchen du dir gratis erstellen kannst.<\/p>\n<p dir=\"ltr\">\n<p dir=\"ltr\">Im normalen <strong>Wichs-Cam-Chat<\/strong> kannst du also zusehen, wie fremde Typen mit ihrem Penis und Hoden spielen, sich ordentlich einen wichsen oder dabei auch Sextoys nutzen. Die Interaktion mit dem m\u00e4nnlichen Cam-Modell findet rein \u00fcber den Chat statt.<\/p>\n<p dir=\"ltr\">\n<h3 dir=\"ltr\">F\u00fcr besondere Momente: Cam2Cam Wichsen<\/h3>\n<p dir=\"ltr\">Viele Zuschauer haben aber nicht nur den Wunsch anderen beim Gay-Wichs-Chat zuzugucken, sondern wollen auch, dass der Mensch vor der Webcam Sie auch sieht. <em>Im Idealfall gibt es dann eine geile Runde gleichzeitiges Online-Wichsen.<\/em><\/p>\n<p dir=\"ltr\">\n<p dir=\"ltr\"><em>Der Fachbegriff f\u00fcr diesen Vorgang nennt sich auch Cam2Cam<\/em>. Es bedeutet einfach nur, dass beide Menschen ihre Webcam eingeschaltet haben, so \u00e4hnlich wie auch auf anderen Meetingplatformen. Umgangssprachlich sagt man auch: <strong>Skype-Wichsen<\/strong>.<\/p>\n<h2 style=\"text-align: center;\"><span style=\"color: hsla(var(--tcb-main-master-h, 210), var(--tcb-main-master-s, 77%), var(--tcb-main-master-l, 54%), 1);\">Cam Chat wichsen<\/span> &#8211; mit deutschen Kerlen<\/h2>\n<p>[jsoncontentimporterurl=&#8220;https:\/\/reports.joinsolutions.com\/api\/v2\/blogfeed?key=GH5s6&amp;gender=m&amp;countries=germany|austria&amp;newbies=false&amp;limit=6&amp;whitelist=true&amp;status=online&amp;blacklist=true&#8220;basenode=result]<\/p>\n<li> <a target=\"_blank\" href=\"https:\/\/de.cam4.eu\/{performer}?act=200727~BlogDE_CamWichsen&amp;utm_medium=blog-none&amp;utm_source=&amp;utm_campaign=acquisition_nov-01-2021&amp;utm_content=viewer_de_gang_all_all_leads__all_german&amp;utm_term=in-room-specificperformer_nsfw_viewers&amp;utm_keyword=none\" rel=\"noopener\">    <img decoding=\"async\" src=\"{img}\" style=\"width:266px; height:190px; object-fit: cover\"><\/a><a style=\"color: blue; text-align: center;\" target=\"_blank\" href=\"https:\/\/de.cam4.eu\/{performer}?act=200727~BlogDE_CamWichsen&amp;utm_medium=blog-none&amp;utm_source=&amp;utm_campaign=acquisition_nov-01-2021&amp;utm_content=viewer_de_gang_all_all_leads__all_german&amp;utm_term=in-room-specificperformer_nsfw_viewers&amp;utm_keyword=none\" rel=\"noopener\">Live: <b>{performer}<\/b> <\/a><\/li>\n<p>[\/jsoncontentimporter]<\/p>\n<p dir=\"ltr\"><em>Auf <\/em><a href=\"https:\/\/de.cam4.eu\" target=\"_blank\" rel=\"noopener\"><em>Cam4<\/em><\/a><em> findest du viele verschiedenen &#8222;Wichser&#8220;<\/em>. Nat\u00fcrlich gibt es eine gro\u00dfe Anzahl an deutschen Camguys, welche die du hier auf Cam4 findest.&nbsp;<\/p>\n<p dir=\"ltr\">\n<p dir=\"ltr\">Klicke hier, wenn du noch mehr <a href=\"https:\/\/de.cam4.eu\/magazin\/camboys\/\" style=\"outline: none;\">Live Camboys<\/a> suchst. In unserer <strong>Wichs-Community<\/strong> findest du die besten Amateur-Gays und Heten.<\/p>\n<h2 style=\"text-align: center;\"><span style=\"color: hsla(var(--tcb-main-master-h, 210), var(--tcb-main-master-s, 77%), var(--tcb-main-master-l, 54%), 1);\">Wichschat&nbsp;<\/span>&#8211; live mit geilen Transen!<\/h2>\n<p>[jsoncontentimporterurl=&#8220;https:\/\/reports.joinsolutions.com\/api\/v2\/blogfeed?key=GH5s6&amp;gender=t&amp;countries=ALL COUNTRIES&amp;newbies=false&amp;limit=9&amp;whitelist=false&amp;status=online&amp;blacklist=false&#8220;basenode=result]<\/p>\n<li> <a target=\"_blank\" href=\"https:\/\/de.cam4.eu\/{performer}?act=200727~BlogDE_CamWichsen&amp;utm_medium=blog-none&amp;utm_source=&amp;utm_campaign=acquisition_nov-01-2021&amp;utm_content=viewer_de_gang_all_all_leads__all_german&amp;utm_term=in-room-specificperformer_nsfw_viewers&amp;utm_keyword=none\" rel=\"noopener\">    <img decoding=\"async\" src=\"{img}\" style=\"width:266px; height:190px; object-fit: cover\"><\/a><a style=\"color: blue; text-align: center;\" target=\"_blank\" href=\"https:\/\/de.cam4.eu\/{performer}?act=200727~BlogDE_CamWichsen&amp;utm_medium=blog-none&amp;utm_source=&amp;utm_campaign=acquisition_nov-01-2021&amp;utm_content=viewer_de_gang_all_all_leads__all_german&amp;utm_term=in-room-specificperformer_nsfw_viewers&amp;utm_keyword=none\" rel=\"noopener\">Live: <b>{performer}<\/b> <\/a><\/li>\n<p>[\/jsoncontentimporter]<\/p>\n<p dir=\"ltr\">Wenn du auf geile Schw\u00e4nze stehst, wirst du auch an unseren sexy Transen nicht vorbeikommen. Weibliche K\u00f6rper und harten Penisse erwarten dich bei unseren&nbsp;<a href=\"https:\/\/de.cam4.eu\/magazin\/shemale-cam\/\" style=\"outline: none;\">Shemale-Cams<\/a>. Es ist Zeit f\u00fcr ein neues Abenteuer!<\/p>\n<p dir=\"ltr\">\n<p dir=\"ltr\">Die Auswahl an wichsenden Trannys ist nat\u00fcrlich etwas kleiner, als bei den M\u00e4nnern. Daf\u00fcr bietet unsere Webcam-Plattform ein sehr qualitatives Angebot, was du nicht verpassen solltest.<\/p>\n<h2 dir=\"ltr\" style=\"\">H\u00e4ufig gestellte Fragen zum Camwixen<\/h2>\n<p><span><img decoding=\"async\" width=\"736\" height=\"419\" src=\"https:\/\/de.cam4.eu\/magazin\/wp-content\/blogs.dir\/8\/files\/wichsen-cam.png\" class=\"tve_image wp-image-20830\" alt=\"Wichsen Cam \u2013 Jetzt vor der Cam wichsen?\" title=\"Wichsen Cam \u2013 Jetzt vor der Cam wichsen?\" data-id=\"22606\" data-d-f=\"featured\" data-css=\"\" srcset=\"https:\/\/de.cam4.eu\/magazin\/wp-content\/blogs.dir\/8\/files\/wichsen-cam.png 736w, https:\/\/de.cam4.eu\/magazin\/wp-content\/blogs.dir\/8\/files\/wichsen-cam-300x171.png 300w\" sizes=\"(max-width: 736px) 100vw, 736px\" \/><\/span><\/p>\n<h3 dir=\"ltr\">Ist mein Penis zu klein?<\/h3>\n<p dir=\"ltr\">Nein, dein Penis ist garantiert nicht zu klein. Die meisten M\u00e4nner, die sich vor eine Wichs-Cam setzen haben kein besonderen Schwanz. Geschm\u00e4cker sind unterschiedlich und so gibt es Typen, die auf besonders kleine Pimmel, genauso wie riesige Penisse, abfahren. Also kein Grund zur Sorge.<\/p>\n<p dir=\"ltr\">\n<h3 dir=\"ltr\">Musst du dein Gesicht zeigen?<\/h3>\n<p dir=\"ltr\">Nein, bei uns kannst du dein Gesicht immer au\u00dferhalb der Webcam lassen, wenn du das m\u00f6chtest. Deine Anonymit\u00e4t bleibt dir stets gew\u00e4hrleistet. Das garantieren wir dir. Es gibt \u00fcbrigens weitere Einstellungen, die deine Privatsph\u00e4re sch\u00fctzen k\u00f6nnen.<\/p>\n<p dir=\"ltr\">\n<p dir=\"ltr\">Zudem empfehlen wird dir den&nbsp;<strong>Private-Chat zum wichsen<\/strong> zu verwenden. Das ist eine Option auf Cam4, bei der du nur mit dem Cam-Models alleine im Chatraum bist. Niemand sonst kann dich oder deine Selbstbefriedigung sehen.<\/p>\n<p dir=\"ltr\">\n<h3 dir=\"ltr\">Seid ihr eine Alternative zu Skibbel und Penislust?<\/h3>\n<p dir=\"ltr\"><em>Ja, unsere Wichscams sind international bekannt und eine gute Alternative zu Skibbel oder Penislust.&nbsp;<\/em>Du kannst hier gleichgesinnte &#8222;Masturbatoren&#8220; finden und mit ihnen nackt onanieren.<\/p>\n<p dir=\"ltr\">\n<h2 dir=\"ltr\">Verdiene Geld mit dem wichsen vor der Webcam<\/h2>\n<p dir=\"ltr\">Bist du ein bisschen exhibitionistisch, zeigt gerne fremden Leuten deinen Penis und kannst ein <strong>zus\u00e4tzliches Einkommen<\/strong> gebrauchen? Auf Cam4 kannst du ganz einfach in wenigen Schritten selbst zum <a href=\"https:\/\/de.cam4.eu\/magazin\/camboy-werden\/\" style=\"outline: none;\">Camboy werden<\/a>.<\/p>\n<p dir=\"ltr\">\n<p dir=\"ltr\">Alles was du daf\u00fcr brauchst sind ein paar Minuten deiner Zeit und Spa\u00df am wichsen.<\/p>\n<p dir=\"ltr\">\n<h2 dir=\"ltr\">M\u00e4nner Masturbation live<\/h2>\n<p dir=\"ltr\">Der <a href=\"https:\/\/de.cam4.eu\/magazin\/nackt-chat\/\">Nackt Camchat<\/a> l\u00e4uft bei uns rund um die Uhr. <strong>Die beste Zeiten f\u00fcr M\u00e4nner-Masturbation<\/strong>&nbsp;(aus unseren Breitengraden) ist am Abend, also von <span style=\"text-decoration: underline;\">19 bis 1 Uhr<\/span>. Aber auch zu allen anderen Zeiten findest du willige Typen.&nbsp;<\/p>\n<p dir=\"ltr\">\n<p dir=\"ltr\">Deiner ganz pers\u00f6nlichen Wichs-Party steht nichts mehr im Wege! <em>Also worauf wartest du noch? Kn\u00f6pfe deine Hose auf, hol deinen Schwanz raus und masturbiere zu oder mit den besten Gays der gesamten Webcam-Szene.<\/em><\/p>\n","protected":false},"excerpt":{"rendered":"<p>Auf dieser Seite findest du passende Wichsen-Cams, welche gerade live laufen. Wenn du auf eins der Vorschaubilder klickst, kommst du zu geilen und versauten Kerlen, welche sich gerade vor der Webcam den Schwanz wichsen. Such dir einfach eine passenden Cam aus! Wichsen vor der Cam &#8211; diese Typen zeigen ihren Penis&nbsp; [jsoncontentimporterurl=&#8220;https:\/\/reports.joinsolutions.com\/api\/v2\/blogfeed?key=GH5s6&amp;gender=m&amp;countries=ALL COUNTRIES&amp;newbies=false&amp;limit=12&amp;whitelist=false&amp;status=online&amp;blacklist=false&#8220;basenode=result] Live: {performer} [&hellip;]<\/p>\n","protected":false},"author":6,"featured_media":22606,"parent":0,"menu_order":0,"comment_status":"closed","ping_status":"closed","template":"","meta":{"footnotes":""},"class_list":["post-22595","page","type-page","status-publish","has-post-thumbnail","hentry","post-wrapper","thrv_wrapper"],"yoast_head":"<!-- This site is optimized with the Yoast SEO plugin v26.2 - https:\/\/yoast.com\/wordpress\/plugins\/seo\/ -->\n<title>Kostenlose Wichsen Cam &#8211; Jetzt vor der Cam wichsen [ohne Anmeldung!]<\/title>\n<meta name=\"description\" content=\"Live Wichs Cam! Hunderte M\u00e4nner und Penisse warten auf dich. Wer ist jetzt online? Ohne Anmeldung &amp; kostenlos!\" \/>\n<meta name=\"robots\" content=\"index, follow, max-snippet:-1, max-image-preview:large, max-video-preview:-1\" \/>\n<link rel=\"canonical\" href=\"https:\/\/de.cam4.eu\/magazin\/wichsen-cam\/\" \/>\n<meta property=\"og:locale\" content=\"de_DE\" \/>\n<meta property=\"og:type\" content=\"article\" \/>\n<meta property=\"og:title\" content=\"Kostenlose Wichsen Cam &#8211; Jetzt vor der Cam wichsen [ohne Anmeldung!]\" \/>\n<meta property=\"og:description\" content=\"Live Wichs Cam! Hunderte M\u00e4nner und Penisse warten auf dich. Wer ist jetzt online? Ohne Anmeldung &amp; kostenlos!\" \/>\n<meta property=\"og:url\" content=\"https:\/\/de.cam4.eu\/magazin\/wichsen-cam\/\" \/>\n<meta property=\"og:site_name\" content=\"Cam4 Deutschland Blog\" \/>\n<meta property=\"article:modified_time\" content=\"2024-09-04T12:41:14+00:00\" \/>\n<meta property=\"og:image\" content=\"https:\/\/de.cam4.eu\/magazin\/wp-content\/blogs.dir\/8\/files\/wichsen-cam.png\" \/>\n\t<meta property=\"og:image:width\" content=\"736\" \/>\n\t<meta property=\"og:image:height\" content=\"419\" \/>\n\t<meta property=\"og:image:type\" content=\"image\/png\" \/>\n<meta name=\"twitter:card\" content=\"summary_large_image\" \/>\n<meta name=\"twitter:site\" content=\"@cam4_de\" \/>\n<meta name=\"twitter:label1\" content=\"Gesch\u00e4tzte Lesezeit\" \/>\n\t<meta name=\"twitter:data1\" content=\"5\u00a0Minuten\" \/>\n<script type=\"application\/ld+json\" class=\"yoast-schema-graph\">{\"@context\":\"https:\/\/schema.org\",\"@graph\":[{\"@type\":\"WebPage\",\"@id\":\"https:\/\/de.cam4.eu\/magazin\/wichsen-cam\/\",\"url\":\"https:\/\/de.cam4.eu\/magazin\/wichsen-cam\/\",\"name\":\"Kostenlose Wichsen Cam &#8211; Jetzt vor der Cam wichsen [ohne Anmeldung!]\",\"isPartOf\":{\"@id\":\"https:\/\/www.cam4.de.com\/magazin\/#website\"},\"primaryImageOfPage\":{\"@id\":\"https:\/\/de.cam4.eu\/magazin\/wichsen-cam\/#primaryimage\"},\"image\":{\"@id\":\"https:\/\/de.cam4.eu\/magazin\/wichsen-cam\/#primaryimage\"},\"thumbnailUrl\":\"https:\/\/de.cam4.eu\/magazin\/wp-content\/blogs.dir\/8\/files\/wichsen-cam.png\",\"datePublished\":\"2021-11-28T14:54:27+00:00\",\"dateModified\":\"2024-09-04T12:41:14+00:00\",\"description\":\"Live Wichs Cam! Hunderte M\u00e4nner und Penisse warten auf dich. Wer ist jetzt online? Ohne Anmeldung & kostenlos!\",\"inLanguage\":\"de\",\"potentialAction\":[{\"@type\":\"ReadAction\",\"target\":[\"https:\/\/de.cam4.eu\/magazin\/wichsen-cam\/\"]}]},{\"@type\":\"ImageObject\",\"inLanguage\":\"de\",\"@id\":\"https:\/\/de.cam4.eu\/magazin\/wichsen-cam\/#primaryimage\",\"url\":\"https:\/\/de.cam4.eu\/magazin\/wp-content\/blogs.dir\/8\/files\/wichsen-cam.png\",\"contentUrl\":\"https:\/\/de.cam4.eu\/magazin\/wp-content\/blogs.dir\/8\/files\/wichsen-cam.png\",\"width\":736,\"height\":419,\"caption\":\"Wichsen Cam\"},{\"@type\":\"WebSite\",\"@id\":\"https:\/\/www.cam4.de.com\/magazin\/#website\",\"url\":\"https:\/\/www.cam4.de.com\/magazin\/\",\"name\":\"Cam4 Deutschland Blog\",\"description\":\"Die Neusten Sexy News Von Cam4\",\"publisher\":{\"@id\":\"https:\/\/www.cam4.de.com\/magazin\/#organization\"},\"potentialAction\":[{\"@type\":\"SearchAction\",\"target\":{\"@type\":\"EntryPoint\",\"urlTemplate\":\"https:\/\/www.cam4.de.com\/magazin\/?s={search_term_string}\"},\"query-input\":{\"@type\":\"PropertyValueSpecification\",\"valueRequired\":true,\"valueName\":\"search_term_string\"}}],\"inLanguage\":\"de\"},{\"@type\":\"Organization\",\"@id\":\"https:\/\/www.cam4.de.com\/magazin\/#organization\",\"name\":\"Cam4\",\"url\":\"https:\/\/www.cam4.de.com\/magazin\/\",\"logo\":{\"@type\":\"ImageObject\",\"inLanguage\":\"de\",\"@id\":\"https:\/\/www.cam4.de.com\/magazin\/#\/schema\/logo\/image\/\",\"url\":\"https:\/\/de.cam4.eu\/magazin\/wp-content\/blogs.dir\/8\/files\/2019\/11\/CAM4-Logo.png\",\"contentUrl\":\"https:\/\/de.cam4.eu\/magazin\/wp-content\/blogs.dir\/8\/files\/2019\/11\/CAM4-Logo.png\",\"width\":400,\"height\":125,\"caption\":\"Cam4\"},\"image\":{\"@id\":\"https:\/\/www.cam4.de.com\/magazin\/#\/schema\/logo\/image\/\"},\"sameAs\":[\"https:\/\/x.com\/cam4_de\",\"https:\/\/www.youtube.com\/channel\/UCUhNqTw1UG1AF2Rzj3tzBhw\"]}]}<\/script>\n<!-- \/ Yoast SEO plugin. -->","yoast_head_json":{"title":"Kostenlose Wichsen Cam &#8211; Jetzt vor der Cam wichsen [ohne Anmeldung!]","description":"Live Wichs Cam! Hunderte M\u00e4nner und Penisse warten auf dich. Wer ist jetzt online? Ohne Anmeldung & kostenlos!","robots":{"index":"index","follow":"follow","max-snippet":"max-snippet:-1","max-image-preview":"max-image-preview:large","max-video-preview":"max-video-preview:-1"},"canonical":"https:\/\/de.cam4.eu\/magazin\/wichsen-cam\/","og_locale":"de_DE","og_type":"article","og_title":"Kostenlose Wichsen Cam &#8211; Jetzt vor der Cam wichsen [ohne Anmeldung!]","og_description":"Live Wichs Cam! Hunderte M\u00e4nner und Penisse warten auf dich. Wer ist jetzt online? Ohne Anmeldung & kostenlos!","og_url":"https:\/\/de.cam4.eu\/magazin\/wichsen-cam\/","og_site_name":"Cam4 Deutschland Blog","article_modified_time":"2024-09-04T12:41:14+00:00","og_image":[{"width":736,"height":419,"url":"https:\/\/de.cam4.eu\/magazin\/wp-content\/blogs.dir\/8\/files\/wichsen-cam.png","type":"image\/png"}],"twitter_card":"summary_large_image","twitter_site":"@cam4_de","twitter_misc":{"Gesch\u00e4tzte Lesezeit":"5\u00a0Minuten"},"schema":{"@context":"https:\/\/schema.org","@graph":[{"@type":"WebPage","@id":"https:\/\/de.cam4.eu\/magazin\/wichsen-cam\/","url":"https:\/\/de.cam4.eu\/magazin\/wichsen-cam\/","name":"Kostenlose Wichsen Cam &#8211; Jetzt vor der Cam wichsen [ohne Anmeldung!]","isPartOf":{"@id":"https:\/\/www.cam4.de.com\/magazin\/#website"},"primaryImageOfPage":{"@id":"https:\/\/de.cam4.eu\/magazin\/wichsen-cam\/#primaryimage"},"image":{"@id":"https:\/\/de.cam4.eu\/magazin\/wichsen-cam\/#primaryimage"},"thumbnailUrl":"https:\/\/de.cam4.eu\/magazin\/wp-content\/blogs.dir\/8\/files\/wichsen-cam.png","datePublished":"2021-11-28T14:54:27+00:00","dateModified":"2024-09-04T12:41:14+00:00","description":"Live Wichs Cam! Hunderte M\u00e4nner und Penisse warten auf dich. Wer ist jetzt online? Ohne Anmeldung & kostenlos!","inLanguage":"de","potentialAction":[{"@type":"ReadAction","target":["https:\/\/de.cam4.eu\/magazin\/wichsen-cam\/"]}]},{"@type":"ImageObject","inLanguage":"de","@id":"https:\/\/de.cam4.eu\/magazin\/wichsen-cam\/#primaryimage","url":"https:\/\/de.cam4.eu\/magazin\/wp-content\/blogs.dir\/8\/files\/wichsen-cam.png","contentUrl":"https:\/\/de.cam4.eu\/magazin\/wp-content\/blogs.dir\/8\/files\/wichsen-cam.png","width":736,"height":419,"caption":"Wichsen Cam"},{"@type":"WebSite","@id":"https:\/\/www.cam4.de.com\/magazin\/#website","url":"https:\/\/www.cam4.de.com\/magazin\/","name":"Cam4 Deutschland Blog","description":"Die Neusten Sexy News Von Cam4","publisher":{"@id":"https:\/\/www.cam4.de.com\/magazin\/#organization"},"potentialAction":[{"@type":"SearchAction","target":{"@type":"EntryPoint","urlTemplate":"https:\/\/www.cam4.de.com\/magazin\/?s={search_term_string}"},"query-input":{"@type":"PropertyValueSpecification","valueRequired":true,"valueName":"search_term_string"}}],"inLanguage":"de"},{"@type":"Organization","@id":"https:\/\/www.cam4.de.com\/magazin\/#organization","name":"Cam4","url":"https:\/\/www.cam4.de.com\/magazin\/","logo":{"@type":"ImageObject","inLanguage":"de","@id":"https:\/\/www.cam4.de.com\/magazin\/#\/schema\/logo\/image\/","url":"https:\/\/de.cam4.eu\/magazin\/wp-content\/blogs.dir\/8\/files\/2019\/11\/CAM4-Logo.png","contentUrl":"https:\/\/de.cam4.eu\/magazin\/wp-content\/blogs.dir\/8\/files\/2019\/11\/CAM4-Logo.png","width":400,"height":125,"caption":"Cam4"},"image":{"@id":"https:\/\/www.cam4.de.com\/magazin\/#\/schema\/logo\/image\/"},"sameAs":["https:\/\/x.com\/cam4_de","https:\/\/www.youtube.com\/channel\/UCUhNqTw1UG1AF2Rzj3tzBhw"]}]}},"_links":{"self":[{"href":"https:\/\/de.cam4.eu\/magazin\/wp-json\/wp\/v2\/pages\/22595","targetHints":{"allow":["GET"]}}],"collection":[{"href":"https:\/\/de.cam4.eu\/magazin\/wp-json\/wp\/v2\/pages"}],"about":[{"href":"https:\/\/de.cam4.eu\/magazin\/wp-json\/wp\/v2\/types\/page"}],"author":[{"embeddable":true,"href":"https:\/\/de.cam4.eu\/magazin\/wp-json\/wp\/v2\/users\/6"}],"replies":[{"embeddable":true,"href":"https:\/\/de.cam4.eu\/magazin\/wp-json\/wp\/v2\/comments?post=22595"}],"version-history":[{"count":3,"href":"https:\/\/de.cam4.eu\/magazin\/wp-json\/wp\/v2\/pages\/22595\/revisions"}],"predecessor-version":[{"id":24567,"href":"https:\/\/de.cam4.eu\/magazin\/wp-json\/wp\/v2\/pages\/22595\/revisions\/24567"}],"wp:featuredmedia":[{"embeddable":true,"href":"https:\/\/de.cam4.eu\/magazin\/wp-json\/wp\/v2\/media\/22606"}],"wp:attachment":[{"href":"https:\/\/de.cam4.eu\/magazin\/wp-json\/wp\/v2\/media?parent=22595"}],"curies":[{"name":"wp","href":"https:\/\/api.w.org\/{rel}","templated":true}]}}