{"id":17576,"date":"2020-06-14T17:45:27","date_gmt":"2020-06-14T15:45:27","guid":{"rendered":"https:\/\/de.cam4.eu\/magazin\/?page_id=17576"},"modified":"2020-11-13T10:42:20","modified_gmt":"2020-11-13T08:42:20","slug":"ronhill13","status":"publish","type":"page","link":"https:\/\/de.cam4.eu\/magazin\/ronhill13\/","title":{"rendered":"Ronhill13 &#8211; Webcam-Boy auf CAM4"},"content":{"rendered":"<p><span style=\"width: 100%;\"><img decoding=\"async\" alt=\"\" width=\"175\" height=\"137\" title=\"Quotation_marks_image_white-opaque\" data-id=\"41617\" src=\"\/\/de.cam4.eu\/magazin\/wp-content\/blogs.dir\/8\/files\/tcb_content_templates\/\/images\/Quotation_marks_image_white-opaque.png\" style=\"\"><\/span><\/p>\n<p>\u201cUnperfekt und Sexy.\u201d<\/p>\n<p>&#8211; Ronhill13<\/p>\n<p style=\"text-align: left;\"><strong>Ronhill13 ist einer der erfolgreichsten Camboys auf Cam4.<\/strong> Er \u00fcbertr\u00e4gt nahezu jeden Tag und <a href=\"https:\/\/de.cam4.eu\/magazin\/nackt-chat\/\">chattet gerne nackt<\/a> mit euch. Am liebsten h\u00f6rt er dabei Musik.&nbsp;<\/p>\n<p style=\"text-align: left;\"><em>Wenn du einen intimen Einblick von ihm sehen willst musst du eine von seinen Camshow sehen.<\/em>&nbsp;<\/p>\n<p style=\"text-align: left;\">Wenn du wissen m\u00f6chtest, ob er gerade <strong>auf Cam4 online<\/strong> ist kannst du es direkt in der Liste der <a href=\"https:\/\/de.cam4.eu\/magazin\/camboys\/\" style=\"outline: none;\" target=\"_blank\" rel=\"noopener noreferrer\">besten Camboys<\/a> sehen. Wenn du auf den blauen Button klickst kommst du direkt zu dem Profil von ihm.<\/p>\n<h2 style=\"text-align: left;\">Das ist Ronhill13<\/h2>\n<ul>\n<li><span style=\"\"><strong>Ist fast t\u00e4glich vor der Cam<\/strong><\/span><\/li>\n<li><span style=\"\"><strong>Liebt gute Musik<\/strong><\/span><\/li>\n<li><span style=\"\"><strong>Zeigt gerne Haut<\/strong><\/span><\/li>\n<li><span style=\"\"><strong>Unperfekt, aber Sexy<\/strong><\/span><\/li>\n<\/ul>\n<p><span><img decoding=\"async\" alt=\"RRonhill13 vor der Webcam\" data-id=\"17587\" width=\"236\" data-init-width=\"537\" height=\"186\" data-init-height=\"423\" title=\"Ronhill13 vor der Webcam\" loading=\"lazy\" src=\"https:\/\/de.cam4.eu\/magazin\/wp-content\/blogs.dir\/8\/files\/2020\/04\/Ronhill13-vor-der-Webcam.jpg\" data-link-wrap=\"true\" data-width=\"236\" data-height=\"186\" style=\"\"><\/span><\/p>\n<h2 style=\"text-align: left;\">Mehr \u00fcber Ronhill13<\/h2>\n<p style=\"text-align: left;\">Wenn du ihn richtig kennen lernen m\u00f6chtest solltest du <strong>seine Webcam-Shows mitverfolgen<\/strong> und direkt mit ihm kommunizieren.<\/p>\n<p style=\"text-align: left;\">Er hat einen sehr aktiven Fanclub. Als Mitglied von Cam4 kannst du seinen Fanclub f\u00fcr einen kleinen monatlichen Betrag beitreten.<\/p>\n<p style=\"text-align: left;\">Dich erwarten dann <strong>geile kostenlose Videos und \u00fcber 70 sexy Fotos.<\/strong> Au\u00dferdem gibt es eine monatliche Spezial-Camshow (Nur f\u00fcr Mitglieder)!<\/p>\n<p style=\"text-align: left;\"><strong>Ronhill13 bestimmt wo es langgeht<\/strong>. Er macht in seinen Shows generell, was er m\u00f6chte. Wenn du einen speziellen Wunsch hast kannst du schauen, ob daf\u00fcr ein Ziel eingerichtet ist. Willst du wie Ronhill <a href=\"https:\/\/de.cam4.eu\/magazin\/camboy-werden\/\">Camboy werden? Dann schau dir diesen Ratgeber an<\/a>.<\/p>\n<p style=\"text-align: left;\">Wenn ja hast du es in der Hand. Hilf ihm dieses Ziel zu erreichen und du bekommst deinen Spa\u00df.<\/p>\n<p style=\"text-align: left; line-height: 1.55em !important;\"><strong>Geschlecht:<\/strong> M\u00e4nnlich<strong>Mitglied auf Cam4 seit:<\/strong> 15.09.2010<strong>Hautfarbe:<\/strong> Wei\u00df<strong>Orientierung:<\/strong> Hetero<strong>Alter:<\/strong> 32<strong>Ort:<\/strong> Frankfurt , Deutschland<strong>Muttersprache:<\/strong> Deutsch<strong>Zweitsprache:<\/strong> Englisch und Spanisch<strong>Gr\u00f6\u00dfe<\/strong>: 185 cm<strong>K\u00f6rperbau:<\/strong> Sportlich<strong>Sexuelle Rolle:<\/strong> Vielseitig<strong>Penisgr\u00f6\u00dfe<\/strong>: Gro\u00df<strong>Penis Typ:<\/strong> Unbeschnitten<strong>K\u00f6rperschmuck:<\/strong> Ohrringe<strong>Haarfarbe:<\/strong> Braun<strong>Haarl\u00e4nge:<\/strong> Kurz<strong>K\u00f6rperbehaarung:<\/strong> Rasiert<strong>Augenfarbe:<\/strong> Gr\u00fcn<\/p>\n<h3 style=\"text-align: left;\">Fakten \u00fcber Camboy Ronhill13<\/h3>\n<p><span style=\"\"><img decoding=\"async\" alt=\"Ronhill13 cam4\" data-id=\"17590\" width=\"428\" data-init-width=\"2560\" height=\"321\" data-init-height=\"1920\" title=\"Ronhill13 cam4\" loading=\"lazy\" src=\"https:\/\/de.cam4.eu\/magazin\/wp-content\/blogs.dir\/8\/files\/2020\/04\/Ronhill13-cam4-scaled.jpg\" data-link-wrap=\"true\" style=\"\" ml-d=\"0\" mt-d=\"-40\" data-width=\"428\" data-height=\"321\" center-v-d=\"false\"><\/span><\/p>\n<h3 style=\"text-align: left;\">Noch mehr gibt\u00b4s im Interview<\/h3>\n<p style=\"text-align: left;\">Vor einiger Zeit haben wir ihn interviewt (gemeinsam mit Anna_000). <a href=\"https:\/\/de.cam4.eu\/magazin\/sexy-interview-mit-ronhill13-und-anna_000\/\" style=\"outline: none;\" target=\"_blank\" rel=\"noopener noreferrer\">Hier geht\u00b4s zum Interview.<\/a><\/p>\n<p style=\"text-align: left;\">Damit du dir ein besseren Eindruck von ihm machen kannst gibt es hier die wichtigsten Fakten von ihm in der Zusammenfassung.<\/p>\n<h3 style=\"text-align: left;\"><strong>Warum steht er gerne vor der Webcam?<\/strong><\/h3>\n<p style=\"text-align: left;\">Er ist ein guter Entertainer und es macht ihm Spa\u00df sich anderen Leuten zu pr\u00e4sentieren. Auch zeigt er sich dabei gerne nackt.<\/p>\n<h3 style=\"text-align: left;\"><strong>Was ist Ronhill13 f\u00fcr ein Typ?<\/strong><\/h3>\n<p style=\"text-align: left;\">Besonders auff\u00e4llig ist seine lockere, entspannte Art. Er versucht immer nat\u00fcrlich zu sein und sich nicht zu verstellen. Das gef\u00e4llt seinen Zuschauern ganz besonders.<\/p>\n<h3 style=\"text-align: left;\"><strong>Sendet er lieber Alleine oder zu Zweit?<\/strong><\/h3>\n<p style=\"text-align: left;\">Er mag und macht beides gerne. In der Regel steht er alleine vor der Webcam und genie\u00dft dabei jeden Augenblick.<\/p>\n<h3 style=\"text-align: left;\"><strong>Wie findet Ronhill13 Ideen f\u00fcr seine Shows?<\/strong><\/h3>\n<p style=\"text-align: left;\">Sehr wichtig: Abwechslung. Jeden Tag die gleiche Show w\u00e4re ja auf Dauer sehr langweilig. Deshalb wird regelm\u00e4\u00dfig Recherche betrieben, um den Fans das beste Ergebnis zu liefern.<\/p>\n<h3 style=\"text-align: left;\"><strong>Auf welchen Typ Frau steht er?<\/strong><\/h3>\n<p style=\"text-align: left;\">Wenn du ihn verf\u00fchren willst solltest du folgende Sachen beachten, da er darauf steht:<\/p>\n<p style=\"text-align: left;\">Am besten hast du langes und glatte Haar. Im Idealfall bist du sehr offen und versaut. Deinen BH kannst du gleich zu Hause lassen. Lackiere dir deine langen Fingern\u00e4gel sch\u00f6n bunt und vergiss dich nicht dich zu rasieren.<\/p>\n<h3 style=\"\">Hier findest noch mehr von Ronhill13<\/h3>\n<p>Verpasse keinen Show oder News mehr!<\/p>\n<p><strong>Jetzt Zuschauen auf<\/strong><span style=\"width: 100%;\"><a href=\"https:\/\/de.cam4.eu\/ronhill13\" data-fancybox=\"gallery\" title=\"CAM4 Logo\" target=\"_blank\" data-type=\"iframe\" rel=\"noopener noreferrer\"><img decoding=\"async\" alt=\"Cam4 logo\" width=\"125\" height=\"39\" title=\"CAM4 Logo\" data-id=\"16772\" src=\"https:\/\/de.cam4.eu\/magazin\/wp-content\/blogs.dir\/8\/files\/2019\/11\/CAM4-Logo.png\" style=\"\" data-init-width=\"400\" data-init-height=\"125\" loading=\"lazy\" data-link-wrap=\"true\" data-width=\"125\" data-height=\"39\"><\/a><\/span><strong>Hier Folgen auf<\/strong><span style=\"width: 100%;\"><a href=\"https:\/\/twitter.com\/ronhill131\" target=\"_blank\" rel=\"noopener noreferrer\"><img decoding=\"async\" alt=\"twitter logo\" width=\"125\" height=\"47\" title=\"twitter-logo\" data-id=\"18171\" src=\"https:\/\/de.cam4.eu\/magazin\/wp-content\/blogs.dir\/8\/files\/2020\/06\/twitter-logo.png\" style=\"\" data-width=\"125\" data-height=\"47\" data-init-width=\"2100\" data-init-height=\"790\" loading=\"lazy\" data-link-wrap=\"true\"><\/a><\/span><\/p>\n","protected":false},"excerpt":{"rendered":"<p>\u201cUnperfekt und Sexy.\u201d &#8211; Ronhill13 Ronhill13 ist einer der erfolgreichsten Camboys auf Cam4. Er \u00fcbertr\u00e4gt nahezu jeden Tag und chattet gerne nackt mit euch. Am liebsten h\u00f6rt er dabei Musik.&nbsp; Wenn du einen intimen Einblick von ihm sehen willst musst du eine von seinen Camshow sehen.&nbsp; Wenn du wissen m\u00f6chtest, ob er gerade auf Cam4 [&hellip;]<\/p>\n","protected":false},"author":1,"featured_media":17586,"parent":0,"menu_order":0,"comment_status":"closed","ping_status":"closed","template":"","meta":{"footnotes":""},"class_list":["post-17576","page","type-page","status-publish","has-post-thumbnail","hentry","post-wrapper","thrv_wrapper"],"yoast_head":"<!-- This site is optimized with the Yoast SEO plugin v26.2 - https:\/\/yoast.com\/wordpress\/plugins\/seo\/ -->\n<title>Ronhill13 - Webcamboy auf CAM4 [Ist er jetzt Live?]<\/title>\n<meta name=\"description\" content=\"Sieh Ronhill13 bei seiner Webcam-Show zu. Du willst noch mehr vom sypatischen Cam4 Camboy wissen? Hier findest du alle Infos!\" \/>\n<meta name=\"robots\" content=\"index, follow, max-snippet:-1, max-image-preview:large, max-video-preview:-1\" \/>\n<link rel=\"canonical\" href=\"https:\/\/www.cam4.de.com\/magazin\/ronhill13\/\" \/>\n<meta property=\"og:locale\" content=\"de_DE\" \/>\n<meta property=\"og:type\" content=\"article\" \/>\n<meta property=\"og:title\" content=\"Ronhill13 - Webcamboy auf CAM4 [Ist er jetzt Live?]\" \/>\n<meta property=\"og:description\" content=\"Sieh Ronhill13 bei seiner Webcam-Show zu. Du willst noch mehr vom sypatischen Cam4 Camboy wissen? Hier findest du alle Infos!\" \/>\n<meta property=\"og:url\" content=\"https:\/\/www.cam4.de.com\/magazin\/ronhill13\/\" \/>\n<meta property=\"og:site_name\" content=\"Cam4 Deutschland Blog\" \/>\n<meta property=\"article:modified_time\" content=\"2020-11-13T08:42:20+00:00\" \/>\n<meta property=\"og:image\" content=\"https:\/\/www.cam4.de.com\/magazin\/wp-content\/blogs.dir\/8\/files\/2020\/04\/Robhill13.jpg\" \/>\n\t<meta property=\"og:image:width\" content=\"960\" \/>\n\t<meta property=\"og:image:height\" content=\"960\" \/>\n\t<meta property=\"og:image:type\" content=\"image\/jpeg\" \/>\n<meta name=\"twitter:card\" content=\"summary_large_image\" \/>\n<meta name=\"twitter:site\" content=\"@cam4_de\" \/>\n<meta name=\"twitter:label1\" content=\"Gesch\u00e4tzte Lesezeit\" \/>\n\t<meta name=\"twitter:data1\" content=\"3\u00a0Minuten\" \/>\n<script type=\"application\/ld+json\" class=\"yoast-schema-graph\">{\"@context\":\"https:\/\/schema.org\",\"@graph\":[{\"@type\":\"WebPage\",\"@id\":\"https:\/\/www.cam4.de.com\/magazin\/ronhill13\/\",\"url\":\"https:\/\/www.cam4.de.com\/magazin\/ronhill13\/\",\"name\":\"Ronhill13 - Webcamboy auf CAM4 [Ist er jetzt Live?]\",\"isPartOf\":{\"@id\":\"https:\/\/www.cam4.de.com\/magazin\/#website\"},\"primaryImageOfPage\":{\"@id\":\"https:\/\/www.cam4.de.com\/magazin\/ronhill13\/#primaryimage\"},\"image\":{\"@id\":\"https:\/\/www.cam4.de.com\/magazin\/ronhill13\/#primaryimage\"},\"thumbnailUrl\":\"https:\/\/de.cam4.eu\/magazin\/wp-content\/blogs.dir\/8\/files\/2020\/04\/Robhill13.jpg\",\"datePublished\":\"2020-06-14T15:45:27+00:00\",\"dateModified\":\"2020-11-13T08:42:20+00:00\",\"description\":\"Sieh Ronhill13 bei seiner Webcam-Show zu. Du willst noch mehr vom sypatischen Cam4 Camboy wissen? Hier findest du alle Infos!\",\"inLanguage\":\"de\",\"potentialAction\":[{\"@type\":\"ReadAction\",\"target\":[\"https:\/\/www.cam4.de.com\/magazin\/ronhill13\/\"]}]},{\"@type\":\"ImageObject\",\"inLanguage\":\"de\",\"@id\":\"https:\/\/www.cam4.de.com\/magazin\/ronhill13\/#primaryimage\",\"url\":\"https:\/\/de.cam4.eu\/magazin\/wp-content\/blogs.dir\/8\/files\/2020\/04\/Robhill13.jpg\",\"contentUrl\":\"https:\/\/de.cam4.eu\/magazin\/wp-content\/blogs.dir\/8\/files\/2020\/04\/Robhill13.jpg\",\"width\":960,\"height\":960,\"caption\":\"Ronhill13\"},{\"@type\":\"WebSite\",\"@id\":\"https:\/\/www.cam4.de.com\/magazin\/#website\",\"url\":\"https:\/\/www.cam4.de.com\/magazin\/\",\"name\":\"Cam4 Deutschland Blog\",\"description\":\"Die Neusten Sexy News Von Cam4\",\"publisher\":{\"@id\":\"https:\/\/www.cam4.de.com\/magazin\/#organization\"},\"potentialAction\":[{\"@type\":\"SearchAction\",\"target\":{\"@type\":\"EntryPoint\",\"urlTemplate\":\"https:\/\/www.cam4.de.com\/magazin\/?s={search_term_string}\"},\"query-input\":{\"@type\":\"PropertyValueSpecification\",\"valueRequired\":true,\"valueName\":\"search_term_string\"}}],\"inLanguage\":\"de\"},{\"@type\":\"Organization\",\"@id\":\"https:\/\/www.cam4.de.com\/magazin\/#organization\",\"name\":\"Cam4\",\"url\":\"https:\/\/www.cam4.de.com\/magazin\/\",\"logo\":{\"@type\":\"ImageObject\",\"inLanguage\":\"de\",\"@id\":\"https:\/\/www.cam4.de.com\/magazin\/#\/schema\/logo\/image\/\",\"url\":\"https:\/\/de.cam4.eu\/magazin\/wp-content\/blogs.dir\/8\/files\/2019\/11\/CAM4-Logo.png\",\"contentUrl\":\"https:\/\/de.cam4.eu\/magazin\/wp-content\/blogs.dir\/8\/files\/2019\/11\/CAM4-Logo.png\",\"width\":400,\"height\":125,\"caption\":\"Cam4\"},\"image\":{\"@id\":\"https:\/\/www.cam4.de.com\/magazin\/#\/schema\/logo\/image\/\"},\"sameAs\":[\"https:\/\/x.com\/cam4_de\",\"https:\/\/www.youtube.com\/channel\/UCUhNqTw1UG1AF2Rzj3tzBhw\"]}]}<\/script>\n<!-- \/ Yoast SEO plugin. -->","yoast_head_json":{"title":"Ronhill13 - Webcamboy auf CAM4 [Ist er jetzt Live?]","description":"Sieh Ronhill13 bei seiner Webcam-Show zu. Du willst noch mehr vom sypatischen Cam4 Camboy wissen? Hier findest du alle Infos!","robots":{"index":"index","follow":"follow","max-snippet":"max-snippet:-1","max-image-preview":"max-image-preview:large","max-video-preview":"max-video-preview:-1"},"canonical":"https:\/\/www.cam4.de.com\/magazin\/ronhill13\/","og_locale":"de_DE","og_type":"article","og_title":"Ronhill13 - Webcamboy auf CAM4 [Ist er jetzt Live?]","og_description":"Sieh Ronhill13 bei seiner Webcam-Show zu. Du willst noch mehr vom sypatischen Cam4 Camboy wissen? Hier findest du alle Infos!","og_url":"https:\/\/www.cam4.de.com\/magazin\/ronhill13\/","og_site_name":"Cam4 Deutschland Blog","article_modified_time":"2020-11-13T08:42:20+00:00","og_image":[{"width":960,"height":960,"url":"https:\/\/www.cam4.de.com\/magazin\/wp-content\/blogs.dir\/8\/files\/2020\/04\/Robhill13.jpg","type":"image\/jpeg"}],"twitter_card":"summary_large_image","twitter_site":"@cam4_de","twitter_misc":{"Gesch\u00e4tzte Lesezeit":"3\u00a0Minuten"},"schema":{"@context":"https:\/\/schema.org","@graph":[{"@type":"WebPage","@id":"https:\/\/www.cam4.de.com\/magazin\/ronhill13\/","url":"https:\/\/www.cam4.de.com\/magazin\/ronhill13\/","name":"Ronhill13 - Webcamboy auf CAM4 [Ist er jetzt Live?]","isPartOf":{"@id":"https:\/\/www.cam4.de.com\/magazin\/#website"},"primaryImageOfPage":{"@id":"https:\/\/www.cam4.de.com\/magazin\/ronhill13\/#primaryimage"},"image":{"@id":"https:\/\/www.cam4.de.com\/magazin\/ronhill13\/#primaryimage"},"thumbnailUrl":"https:\/\/de.cam4.eu\/magazin\/wp-content\/blogs.dir\/8\/files\/2020\/04\/Robhill13.jpg","datePublished":"2020-06-14T15:45:27+00:00","dateModified":"2020-11-13T08:42:20+00:00","description":"Sieh Ronhill13 bei seiner Webcam-Show zu. Du willst noch mehr vom sypatischen Cam4 Camboy wissen? Hier findest du alle Infos!","inLanguage":"de","potentialAction":[{"@type":"ReadAction","target":["https:\/\/www.cam4.de.com\/magazin\/ronhill13\/"]}]},{"@type":"ImageObject","inLanguage":"de","@id":"https:\/\/www.cam4.de.com\/magazin\/ronhill13\/#primaryimage","url":"https:\/\/de.cam4.eu\/magazin\/wp-content\/blogs.dir\/8\/files\/2020\/04\/Robhill13.jpg","contentUrl":"https:\/\/de.cam4.eu\/magazin\/wp-content\/blogs.dir\/8\/files\/2020\/04\/Robhill13.jpg","width":960,"height":960,"caption":"Ronhill13"},{"@type":"WebSite","@id":"https:\/\/www.cam4.de.com\/magazin\/#website","url":"https:\/\/www.cam4.de.com\/magazin\/","name":"Cam4 Deutschland Blog","description":"Die Neusten Sexy News Von Cam4","publisher":{"@id":"https:\/\/www.cam4.de.com\/magazin\/#organization"},"potentialAction":[{"@type":"SearchAction","target":{"@type":"EntryPoint","urlTemplate":"https:\/\/www.cam4.de.com\/magazin\/?s={search_term_string}"},"query-input":{"@type":"PropertyValueSpecification","valueRequired":true,"valueName":"search_term_string"}}],"inLanguage":"de"},{"@type":"Organization","@id":"https:\/\/www.cam4.de.com\/magazin\/#organization","name":"Cam4","url":"https:\/\/www.cam4.de.com\/magazin\/","logo":{"@type":"ImageObject","inLanguage":"de","@id":"https:\/\/www.cam4.de.com\/magazin\/#\/schema\/logo\/image\/","url":"https:\/\/de.cam4.eu\/magazin\/wp-content\/blogs.dir\/8\/files\/2019\/11\/CAM4-Logo.png","contentUrl":"https:\/\/de.cam4.eu\/magazin\/wp-content\/blogs.dir\/8\/files\/2019\/11\/CAM4-Logo.png","width":400,"height":125,"caption":"Cam4"},"image":{"@id":"https:\/\/www.cam4.de.com\/magazin\/#\/schema\/logo\/image\/"},"sameAs":["https:\/\/x.com\/cam4_de","https:\/\/www.youtube.com\/channel\/UCUhNqTw1UG1AF2Rzj3tzBhw"]}]}},"_links":{"self":[{"href":"https:\/\/de.cam4.eu\/magazin\/wp-json\/wp\/v2\/pages\/17576","targetHints":{"allow":["GET"]}}],"collection":[{"href":"https:\/\/de.cam4.eu\/magazin\/wp-json\/wp\/v2\/pages"}],"about":[{"href":"https:\/\/de.cam4.eu\/magazin\/wp-json\/wp\/v2\/types\/page"}],"author":[{"embeddable":true,"href":"https:\/\/de.cam4.eu\/magazin\/wp-json\/wp\/v2\/users\/1"}],"replies":[{"embeddable":true,"href":"https:\/\/de.cam4.eu\/magazin\/wp-json\/wp\/v2\/comments?post=17576"}],"version-history":[{"count":0,"href":"https:\/\/de.cam4.eu\/magazin\/wp-json\/wp\/v2\/pages\/17576\/revisions"}],"wp:featuredmedia":[{"embeddable":true,"href":"https:\/\/de.cam4.eu\/magazin\/wp-json\/wp\/v2\/media\/17586"}],"wp:attachment":[{"href":"https:\/\/de.cam4.eu\/magazin\/wp-json\/wp\/v2\/media?parent=17576"}],"curies":[{"name":"wp","href":"https:\/\/api.w.org\/{rel}","templated":true}]}}